{"id":1067,"date":"2024-04-13T15:23:54","date_gmt":"2024-04-13T20:23:54","guid":{"rendered":"https:\/\/todocasacas.com\/?page_id=1067"},"modified":"2024-04-17T23:30:57","modified_gmt":"2024-04-18T04:30:57","slug":"sobre-nosotros","status":"publish","type":"page","link":"https:\/\/todocasacas.com\/?page_id=1067","title":{"rendered":"Sobre nosotros"},"content":{"rendered":"\t\t<div data-elementor-type=\"wp-page\" data-elementor-id=\"1067\" class=\"elementor elementor-1067\">\n\t\t\t\t<div class=\"elementor-element elementor-element-cdbbdc8 e-flex e-con-boxed e-con e-parent\" data-id=\"cdbbdc8\" data-element_type=\"container\">\n\t\t\t\t\t<div class=\"e-con-inner\">\n\t\t\t\t<div class=\"elementor-element elementor-element-a93d11f elementor-widget elementor-widget-heading\" data-id=\"a93d11f\" data-element_type=\"widget\" data-widget_type=\"heading.default\">\n\t\t\t\t<div class=\"elementor-widget-container\">\n\t\t\t<style>\/*! elementor - v3.21.0 - 26-05-2024 *\/\n.elementor-heading-title{padding:0;margin:0;line-height:1}.elementor-widget-heading .elementor-heading-title[class*=elementor-size-]>a{color:inherit;font-size:inherit;line-height:inherit}.elementor-widget-heading .elementor-heading-title.elementor-size-small{font-size:15px}.elementor-widget-heading .elementor-heading-title.elementor-size-medium{font-size:19px}.elementor-widget-heading .elementor-heading-title.elementor-size-large{font-size:29px}.elementor-widget-heading .elementor-heading-title.elementor-size-xl{font-size:39px}.elementor-widget-heading .elementor-heading-title.elementor-size-xxl{font-size:59px}<\/style><h2 class=\"elementor-heading-title elementor-size-default\">Sobre Nosotros<\/h2>\t\t<\/div>\n\t\t\t\t<\/div>\n\t\t\t\t<div class=\"elementor-element elementor-element-9d2d773 elementor-widget elementor-widget-text-editor\" data-id=\"9d2d773\" data-element_type=\"widget\" data-widget_type=\"text-editor.default\">\n\t\t\t\t<div class=\"elementor-widget-container\">\n\t\t\t<style>\/*! elementor - v3.21.0 - 26-05-2024 *\/\n.elementor-widget-text-editor.elementor-drop-cap-view-stacked .elementor-drop-cap{background-color:#69727d;color:#fff}.elementor-widget-text-editor.elementor-drop-cap-view-framed .elementor-drop-cap{color:#69727d;border:3px solid;background-color:transparent}.elementor-widget-text-editor:not(.elementor-drop-cap-view-default) .elementor-drop-cap{margin-top:8px}.elementor-widget-text-editor:not(.elementor-drop-cap-view-default) .elementor-drop-cap-letter{width:1em;height:1em}.elementor-widget-text-editor .elementor-drop-cap{float:left;text-align:center;line-height:1;font-size:50px}.elementor-widget-text-editor .elementor-drop-cap-letter{display:inline-block}<\/style>\t\t\t\t<p style=\"text-align: center;\"><strong>Frosty Style &#8211; Tu Destino para la Moda Exclusiva a Precios Irresistibles<\/strong><\/p>\n<p>En Todo Casacas Per\u00fa, queremos dejar claro desde el principio que no tenemos ninguna relaci\u00f3n con la empresa &#8220;Columbia Sportswear&#8221;. Somos una entidad independiente y estamos dedicados a ofrecerte una experiencia de compra \u00fanica y emocionante en el mundo de la moda.<\/p>\n<p>En Todo Casacas Per\u00fa, nos especializamos en la b\u00fasqueda y selecci\u00f3n de ropa original y nueva en todo el mundo. Nuestra misi\u00f3n es encontrar modelos exclusivos que reflejen tu estilo \u00fanico, todo ello a precios que te sorprender\u00e1n gratamente. Creemos firmemente que la moda no deber\u00eda ser exclusiva para unos pocos privilegiados, sino que deber\u00eda estar al alcance de todos aquellos que deseen expresarse a trav\u00e9s de su vestimenta.<\/p>\n<p>Nos apasiona descubrir tesoros escondidos en los rincones m\u00e1s remotos del mundo de la moda. Desde las calles de las ciudades m\u00e1s cosmopolitas hasta los mercados emergentes, nuestro equipo global de expertos en moda y tendencias est\u00e1 constantemente en b\u00fasqueda de las \u00faltimas novedades.<\/p>\n<p>Lo que nos distingue es nuestro compromiso con proporcionar una cuidadosa selecci\u00f3n de prendas que estimulen la inspiraci\u00f3n y el inter\u00e9s. Cada art\u00edculo en nuestra colecci\u00f3n ha sido escogido minuciosamente para asegurar su calidad, autenticidad y car\u00e1cter \u00fanico.<\/p>\n<p>\u00danete a nosotros en nuestro emocionante viaje en busca de la moda m\u00e1s exclusiva y emocionante del mundo. Descubre Todo Casacas Peru y s\u00e9 parte de una comunidad que celebra la individualidad, la creatividad y el estilo sin l\u00edmites. \u00a1Bienvenido a Todo Casacas Per\u00fa, tu destino para la moda exclusiva a precios irresistibles!<\/p>\t\t\t\t\t\t<\/div>\n\t\t\t\t<\/div>\n\t\t\t\t<div class=\"elementor-element elementor-element-37d5e5b elementor-widget elementor-widget-image\" data-id=\"37d5e5b\" data-element_type=\"widget\" data-widget_type=\"image.default\">\n\t\t\t\t<div class=\"elementor-widget-container\">\n\t\t\t<style>\/*! elementor - v3.21.0 - 26-05-2024 *\/\n.elementor-widget-image{text-align:center}.elementor-widget-image a{display:inline-block}.elementor-widget-image a img[src$=\".svg\"]{width:48px}.elementor-widget-image img{vertical-align:middle;display:inline-block}<\/style>\t\t\t\t\t\t\t\t\t\t<img fetchpriority=\"high\" decoding=\"async\" width=\"590\" height=\"350\" src=\"https:\/\/todocasacas.com\/wp-content\/uploads\/2024\/04\/foto-centro-comercial.jpg\" class=\"attachment-large size-large wp-image-1069\" alt=\"\" srcset=\"https:\/\/todocasacas.com\/wp-content\/uploads\/2024\/04\/foto-centro-comercial.jpg 590w, https:\/\/todocasacas.com\/wp-content\/uploads\/2024\/04\/foto-centro-comercial-300x178.jpg 300w, https:\/\/todocasacas.com\/wp-content\/uploads\/2024\/04\/foto-centro-comercial-433x257.jpg 433w\" sizes=\"(max-width: 590px) 100vw, 590px\" \/>\t\t\t\t\t\t\t\t\t\t\t\t\t<\/div>\n\t\t\t\t<\/div>\n\t\t\t\t\t<\/div>\n\t\t\t\t<\/div>\n\t\t\t\t<\/div>\n\t\t","protected":false},"excerpt":{"rendered":"<p>Sobre Nosotros Frosty Style &#8211; Tu Destino para la Moda Exclusiva a Precios Irresistibles En Todo Casacas Per\u00fa, queremos dejar claro desde el principio que no tenemos ninguna relaci\u00f3n con la empresa &#8220;Columbia Sportswear&#8221;. Somos una entidad independiente y estamos dedicados a ofrecerte una experiencia de compra \u00fanica y emocionante en el mundo de la [&hellip;]<\/p>\n","protected":false},"author":1,"featured_media":0,"parent":0,"menu_order":0,"comment_status":"closed","ping_status":"closed","template":"","meta":{"ocean_post_layout":"","ocean_both_sidebars_style":"","ocean_both_sidebars_content_width":0,"ocean_both_sidebars_sidebars_width":0,"ocean_sidebar":"","ocean_second_sidebar":"","ocean_disable_margins":"enable","ocean_add_body_class":"","ocean_shortcode_before_top_bar":"","ocean_shortcode_after_top_bar":"","ocean_shortcode_before_header":"","ocean_shortcode_after_header":"","ocean_has_shortcode":"","ocean_shortcode_after_title":"","ocean_shortcode_before_footer_widgets":"","ocean_shortcode_after_footer_widgets":"","ocean_shortcode_before_footer_bottom":"","ocean_shortcode_after_footer_bottom":"","ocean_display_top_bar":"default","ocean_display_header":"default","ocean_header_style":"","ocean_center_header_left_menu":"","ocean_custom_header_template":"","ocean_custom_logo":0,"ocean_custom_retina_logo":0,"ocean_custom_logo_max_width":0,"ocean_custom_logo_tablet_max_width":0,"ocean_custom_logo_mobile_max_width":0,"ocean_custom_logo_max_height":0,"ocean_custom_logo_tablet_max_height":0,"ocean_custom_logo_mobile_max_height":0,"ocean_header_custom_menu":"","ocean_menu_typo_font_family":"","ocean_menu_typo_font_subset":"","ocean_menu_typo_font_size":0,"ocean_menu_typo_font_size_tablet":0,"ocean_menu_typo_font_size_mobile":0,"ocean_menu_typo_font_size_unit":"px","ocean_menu_typo_font_weight":"","ocean_menu_typo_font_weight_tablet":"","ocean_menu_typo_font_weight_mobile":"","ocean_menu_typo_transform":"","ocean_menu_typo_transform_tablet":"","ocean_menu_typo_transform_mobile":"","ocean_menu_typo_line_height":0,"ocean_menu_typo_line_height_tablet":0,"ocean_menu_typo_line_height_mobile":0,"ocean_menu_typo_line_height_unit":"","ocean_menu_typo_spacing":0,"ocean_menu_typo_spacing_tablet":0,"ocean_menu_typo_spacing_mobile":0,"ocean_menu_typo_spacing_unit":"","ocean_menu_link_color":"","ocean_menu_link_color_hover":"","ocean_menu_link_color_active":"","ocean_menu_link_background":"","ocean_menu_link_hover_background":"","ocean_menu_link_active_background":"","ocean_menu_social_links_bg":"","ocean_menu_social_hover_links_bg":"","ocean_menu_social_links_color":"","ocean_menu_social_hover_links_color":"","ocean_disable_title":"default","ocean_disable_heading":"default","ocean_post_title":"","ocean_post_subheading":"","ocean_post_title_style":"","ocean_post_title_background_color":"","ocean_post_title_background":0,"ocean_post_title_bg_image_position":"","ocean_post_title_bg_image_attachment":"","ocean_post_title_bg_image_repeat":"","ocean_post_title_bg_image_size":"","ocean_post_title_height":0,"ocean_post_title_bg_overlay":0.5,"ocean_post_title_bg_overlay_color":"","ocean_disable_breadcrumbs":"default","ocean_breadcrumbs_color":"","ocean_breadcrumbs_separator_color":"","ocean_breadcrumbs_links_color":"","ocean_breadcrumbs_links_hover_color":"","ocean_display_footer_widgets":"default","ocean_display_footer_bottom":"default","ocean_custom_footer_template":"","ofc_meta_disable_footer_callout":"","ofc_meta_callout_button_url":"","ofc_meta_callout_button_txt":"","ofc_meta_callout_text":"","ofc_enable_fullscreen":"disable","ofc_fullscreen_speed":0,"ofc_fullscreen_nav":"enable","ofc_fullscreen_nav_pos":"right","ofc_fullscreen_nav_color":"","ofc_fullscreen_nav_tooltip_color":"","ofc_fullscreen_responsive":0,"osp_disable_panel":"default","osh_disable_topbar_sticky":"default","osh_disable_header_sticky":"default","osh_sticky_header_style":"default","osh_sticky_header_effect":"","osh_custom_sticky_logo":0,"osh_custom_retina_sticky_logo":0,"osh_custom_sticky_logo_height":0,"osh_background_color":"","osh_links_color":"","osh_links_hover_color":"","osh_links_active_color":"","osh_links_bg_color":"","osh_links_hover_bg_color":"","osh_links_active_bg_color":"","osh_menu_social_links_color":"","osh_menu_social_hover_links_color":"","_joinchat":[],"footnotes":""},"yoast_head":"<!-- This site is optimized with the Yoast SEO plugin v22.8 - https:\/\/yoast.com\/wordpress\/plugins\/seo\/ -->\n<title>Sobre nosotros - Todo Casacas<\/title>\n<meta name=\"robots\" content=\"index, follow, max-snippet:-1, max-image-preview:large, max-video-preview:-1\" \/>\n<link rel=\"canonical\" href=\"https:\/\/todocasacas.com\/?page_id=1067\" \/>\n<meta property=\"og:locale\" content=\"es_ES\" \/>\n<meta property=\"og:type\" content=\"article\" \/>\n<meta property=\"og:title\" content=\"Sobre nosotros - Todo Casacas\" \/>\n<meta property=\"og:description\" content=\"Sobre Nosotros Frosty Style &#8211; Tu Destino para la Moda Exclusiva a Precios Irresistibles En Todo Casacas Per\u00fa, queremos dejar claro desde el principio que no tenemos ninguna relaci\u00f3n con la empresa &#8220;Columbia Sportswear&#8221;. Somos una entidad independiente y estamos dedicados a ofrecerte una experiencia de compra \u00fanica y emocionante en el mundo de la [&hellip;]\" \/>\n<meta property=\"og:url\" content=\"https:\/\/todocasacas.com\/?page_id=1067\" \/>\n<meta property=\"og:site_name\" content=\"Todo Casacas\" \/>\n<meta property=\"article:publisher\" content=\"https:\/\/www.facebook.com\/share\/RA5dh6eQ1WzKKNuq\/?mibextid=qi2Omg\" \/>\n<meta property=\"article:modified_time\" content=\"2024-04-18T04:30:57+00:00\" \/>\n<meta property=\"og:image\" content=\"https:\/\/todocasacas.com\/wp-content\/uploads\/2024\/04\/foto-centro-comercial.jpg\" \/>\n<meta name=\"twitter:card\" content=\"summary_large_image\" \/>\n<meta name=\"twitter:label1\" content=\"Tiempo de lectura\" \/>\n\t<meta name=\"twitter:data1\" content=\"1 minuto\" \/>\n<script type=\"application\/ld+json\" class=\"yoast-schema-graph\">{\"@context\":\"https:\/\/schema.org\",\"@graph\":[{\"@type\":\"WebPage\",\"@id\":\"https:\/\/todocasacas.com\/?page_id=1067\",\"url\":\"https:\/\/todocasacas.com\/?page_id=1067\",\"name\":\"Sobre nosotros - Todo Casacas\",\"isPartOf\":{\"@id\":\"https:\/\/todocasacas.com\/#website\"},\"primaryImageOfPage\":{\"@id\":\"https:\/\/todocasacas.com\/?page_id=1067#primaryimage\"},\"image\":{\"@id\":\"https:\/\/todocasacas.com\/?page_id=1067#primaryimage\"},\"thumbnailUrl\":\"https:\/\/todocasacas.com\/wp-content\/uploads\/2024\/04\/foto-centro-comercial.jpg\",\"datePublished\":\"2024-04-13T20:23:54+00:00\",\"dateModified\":\"2024-04-18T04:30:57+00:00\",\"breadcrumb\":{\"@id\":\"https:\/\/todocasacas.com\/?page_id=1067#breadcrumb\"},\"inLanguage\":\"es\",\"potentialAction\":[{\"@type\":\"ReadAction\",\"target\":[\"https:\/\/todocasacas.com\/?page_id=1067\"]}]},{\"@type\":\"ImageObject\",\"inLanguage\":\"es\",\"@id\":\"https:\/\/todocasacas.com\/?page_id=1067#primaryimage\",\"url\":\"https:\/\/todocasacas.com\/wp-content\/uploads\/2024\/04\/foto-centro-comercial.jpg\",\"contentUrl\":\"https:\/\/todocasacas.com\/wp-content\/uploads\/2024\/04\/foto-centro-comercial.jpg\",\"width\":590,\"height\":350},{\"@type\":\"BreadcrumbList\",\"@id\":\"https:\/\/todocasacas.com\/?page_id=1067#breadcrumb\",\"itemListElement\":[{\"@type\":\"ListItem\",\"position\":1,\"name\":\"Portada\",\"item\":\"https:\/\/todocasacas.com\/\"},{\"@type\":\"ListItem\",\"position\":2,\"name\":\"Sobre nosotros\"}]},{\"@type\":\"WebSite\",\"@id\":\"https:\/\/todocasacas.com\/#website\",\"url\":\"https:\/\/todocasacas.com\/\",\"name\":\"Todo Casacas\",\"description\":\"&quot;Descubre nuestra selecci\u00f3n de casacas originales en diferentes marcas. \u00a1Encuentra tu estilo y prep\u00e1rate para aventuras al aire libre!&quot;\",\"publisher\":{\"@id\":\"https:\/\/todocasacas.com\/#organization\"},\"potentialAction\":[{\"@type\":\"SearchAction\",\"target\":{\"@type\":\"EntryPoint\",\"urlTemplate\":\"https:\/\/todocasacas.com\/?s={search_term_string}\"},\"query-input\":\"required name=search_term_string\"}],\"inLanguage\":\"es\"},{\"@type\":\"Organization\",\"@id\":\"https:\/\/todocasacas.com\/#organization\",\"name\":\"Todo Casacas\",\"url\":\"https:\/\/todocasacas.com\/\",\"logo\":{\"@type\":\"ImageObject\",\"inLanguage\":\"es\",\"@id\":\"https:\/\/todocasacas.com\/#\/schema\/logo\/image\/\",\"url\":\"https:\/\/todocasacas.com\/wp-content\/uploads\/2024\/04\/cropped-logo1.gif\",\"contentUrl\":\"https:\/\/todocasacas.com\/wp-content\/uploads\/2024\/04\/cropped-logo1.gif\",\"width\":1061,\"height\":476,\"caption\":\"Todo Casacas\"},\"image\":{\"@id\":\"https:\/\/todocasacas.com\/#\/schema\/logo\/image\/\"},\"sameAs\":[\"https:\/\/www.facebook.com\/share\/RA5dh6eQ1WzKKNuq\/?mibextid=qi2Omg\"]}]}<\/script>\n<!-- \/ Yoast SEO plugin. -->","yoast_head_json":{"title":"Sobre nosotros - Todo Casacas","robots":{"index":"index","follow":"follow","max-snippet":"max-snippet:-1","max-image-preview":"max-image-preview:large","max-video-preview":"max-video-preview:-1"},"canonical":"https:\/\/todocasacas.com\/?page_id=1067","og_locale":"es_ES","og_type":"article","og_title":"Sobre nosotros - Todo Casacas","og_description":"Sobre Nosotros Frosty Style &#8211; Tu Destino para la Moda Exclusiva a Precios Irresistibles En Todo Casacas Per\u00fa, queremos dejar claro desde el principio que no tenemos ninguna relaci\u00f3n con la empresa &#8220;Columbia Sportswear&#8221;. Somos una entidad independiente y estamos dedicados a ofrecerte una experiencia de compra \u00fanica y emocionante en el mundo de la [&hellip;]","og_url":"https:\/\/todocasacas.com\/?page_id=1067","og_site_name":"Todo Casacas","article_publisher":"https:\/\/www.facebook.com\/share\/RA5dh6eQ1WzKKNuq\/?mibextid=qi2Omg","article_modified_time":"2024-04-18T04:30:57+00:00","og_image":[{"url":"https:\/\/todocasacas.com\/wp-content\/uploads\/2024\/04\/foto-centro-comercial.jpg"}],"twitter_card":"summary_large_image","twitter_misc":{"Tiempo de lectura":"1 minuto"},"schema":{"@context":"https:\/\/schema.org","@graph":[{"@type":"WebPage","@id":"https:\/\/todocasacas.com\/?page_id=1067","url":"https:\/\/todocasacas.com\/?page_id=1067","name":"Sobre nosotros - Todo Casacas","isPartOf":{"@id":"https:\/\/todocasacas.com\/#website"},"primaryImageOfPage":{"@id":"https:\/\/todocasacas.com\/?page_id=1067#primaryimage"},"image":{"@id":"https:\/\/todocasacas.com\/?page_id=1067#primaryimage"},"thumbnailUrl":"https:\/\/todocasacas.com\/wp-content\/uploads\/2024\/04\/foto-centro-comercial.jpg","datePublished":"2024-04-13T20:23:54+00:00","dateModified":"2024-04-18T04:30:57+00:00","breadcrumb":{"@id":"https:\/\/todocasacas.com\/?page_id=1067#breadcrumb"},"inLanguage":"es","potentialAction":[{"@type":"ReadAction","target":["https:\/\/todocasacas.com\/?page_id=1067"]}]},{"@type":"ImageObject","inLanguage":"es","@id":"https:\/\/todocasacas.com\/?page_id=1067#primaryimage","url":"https:\/\/todocasacas.com\/wp-content\/uploads\/2024\/04\/foto-centro-comercial.jpg","contentUrl":"https:\/\/todocasacas.com\/wp-content\/uploads\/2024\/04\/foto-centro-comercial.jpg","width":590,"height":350},{"@type":"BreadcrumbList","@id":"https:\/\/todocasacas.com\/?page_id=1067#breadcrumb","itemListElement":[{"@type":"ListItem","position":1,"name":"Portada","item":"https:\/\/todocasacas.com\/"},{"@type":"ListItem","position":2,"name":"Sobre nosotros"}]},{"@type":"WebSite","@id":"https:\/\/todocasacas.com\/#website","url":"https:\/\/todocasacas.com\/","name":"Todo Casacas","description":"&quot;Descubre nuestra selecci\u00f3n de casacas originales en diferentes marcas. \u00a1Encuentra tu estilo y prep\u00e1rate para aventuras al aire libre!&quot;","publisher":{"@id":"https:\/\/todocasacas.com\/#organization"},"potentialAction":[{"@type":"SearchAction","target":{"@type":"EntryPoint","urlTemplate":"https:\/\/todocasacas.com\/?s={search_term_string}"},"query-input":"required name=search_term_string"}],"inLanguage":"es"},{"@type":"Organization","@id":"https:\/\/todocasacas.com\/#organization","name":"Todo Casacas","url":"https:\/\/todocasacas.com\/","logo":{"@type":"ImageObject","inLanguage":"es","@id":"https:\/\/todocasacas.com\/#\/schema\/logo\/image\/","url":"https:\/\/todocasacas.com\/wp-content\/uploads\/2024\/04\/cropped-logo1.gif","contentUrl":"https:\/\/todocasacas.com\/wp-content\/uploads\/2024\/04\/cropped-logo1.gif","width":1061,"height":476,"caption":"Todo Casacas"},"image":{"@id":"https:\/\/todocasacas.com\/#\/schema\/logo\/image\/"},"sameAs":["https:\/\/www.facebook.com\/share\/RA5dh6eQ1WzKKNuq\/?mibextid=qi2Omg"]}]}},"jetpack_sharing_enabled":true,"_links":{"self":[{"href":"https:\/\/todocasacas.com\/index.php?rest_route=\/wp\/v2\/pages\/1067"}],"collection":[{"href":"https:\/\/todocasacas.com\/index.php?rest_route=\/wp\/v2\/pages"}],"about":[{"href":"https:\/\/todocasacas.com\/index.php?rest_route=\/wp\/v2\/types\/page"}],"author":[{"embeddable":true,"href":"https:\/\/todocasacas.com\/index.php?rest_route=\/wp\/v2\/users\/1"}],"replies":[{"embeddable":true,"href":"https:\/\/todocasacas.com\/index.php?rest_route=%2Fwp%2Fv2%2Fcomments&post=1067"}],"version-history":[{"count":9,"href":"https:\/\/todocasacas.com\/index.php?rest_route=\/wp\/v2\/pages\/1067\/revisions"}],"predecessor-version":[{"id":1109,"href":"https:\/\/todocasacas.com\/index.php?rest_route=\/wp\/v2\/pages\/1067\/revisions\/1109"}],"wp:attachment":[{"href":"https:\/\/todocasacas.com\/index.php?rest_route=%2Fwp%2Fv2%2Fmedia&parent=1067"}],"curies":[{"name":"wp","href":"https:\/\/api.w.org\/{rel}","templated":true}]}}