{"id":1415,"date":"2024-07-27T14:00:22","date_gmt":"2024-07-27T19:00:22","guid":{"rendered":"https:\/\/todocasacas.com\/?post_type=product&#038;p=1415"},"modified":"2024-09-22T18:24:44","modified_gmt":"2024-09-22T23:24:44","slug":"casaca-columbia-para-hombre-powder-lite-canteen-black","status":"publish","type":"product","link":"https:\/\/todocasacas.com\/?product=casaca-columbia-para-hombre-powder-lite-canteen-black","title":{"rendered":"Casaca Columbia para hombre Powder Lite\u2122 (Canteen, Black) Reservado"},"content":{"rendered":"<h5>OMNI-HEAT REFLECTIVE<\/h5>\n<p>Ideal para finales de oto\u00f1o y principios de invierno, esta chaqueta resistente al agua cuenta con un forro reflectante t\u00e9rmico y aislamiento para mayor calidez.<\/p>\n<h5>ULTIMATE HEAT<\/h5>\n<p>os bolsillos con cremallera son perfectos para guardar objetos de valor.\u00a0La capucha y el dobladillo ajustables y los pu\u00f1os el\u00e1sticos mantienen el calor.<\/p>\n<ul class=\"product__details__bullet-list\">\n<li>El forro termorreflectante Omni-Heat\u2122 retiene el calor mediante puntos plateados transpirables que reflejan el calor corporal, para que te mantengas abrigado y c\u00f3modo cuando bajan las temperaturas.<\/li>\n<li>El aislamiento Thermarator\u2122 te mantiene abrigado con fibras sint\u00e9ticas livianas que retienen el calor incluso cuando est\u00e1 mojado, para que est\u00e9s c\u00f3modo en los d\u00edas fr\u00edos y h\u00famedos.<\/li>\n<li>La tela resistente al agua repele la humedad utilizando materiales que repelen el agua, para que permanezcas seco en condiciones de lluvia moderada.<\/li>\n<li>Bolsillos para las manos con cremallera<\/li>\n<li>Capucha ajustable adjunta<\/li>\n<li>Dobladillo ajustable con cord\u00f3n<\/li>\n<li>Pu\u00f1os el\u00e1sticos<\/li>\n<li>Longitud central de la espalda: 28&#8243;<\/li>\n<li>Usos: Senderismo<\/li>\n<li>Importado USA<\/li>\n<\/ul>\n<h3 style=\"text-align: center;\">TELA<\/h3>\n<ul>\n<li>\n<div class=\"accordion__content-fabric mb-3\"><span class=\"d-block\">Exterior: 100 % poli\u00e9ster Omni-Shield Storm Lite DP II<\/span><\/div>\n<\/li>\n<li>\n<div class=\"accordion__content-fabric mb-3\"><span class=\"d-block\">Forro: Forro reflectante Omni-Heat\u2122 100 % poli\u00e9ster<\/span><\/div>\n<\/li>\n<li>\n<div class=\"accordion__content-fabric mb-3\"><span class=\"d-block\">Aislamiento: 100% Poli\u00e9ster<\/span><\/div>\n<\/li>\n<\/ul>\n<ul>\n<li style=\"list-style-type: none;\"><\/li>\n<\/ul>\n","protected":false},"excerpt":{"rendered":"<p>OMNI-HEAT REFLECTIVE Ideal para finales de oto\u00f1o y principios de invierno, esta chaqueta resistente al agua cuenta con un forro reflectante t\u00e9rmico y aislamiento para mayor calidez. ULTIMATE HEAT os bolsillos con cremallera son perfectos para guardar objetos de valor.\u00a0La capucha y el dobladillo ajustables y los pu\u00f1os el\u00e1sticos mantienen el calor. El forro termorreflectante [&hellip;]<\/p>\n","protected":false},"featured_media":1421,"template":"","meta":{"ocean_post_layout":"","ocean_both_sidebars_style":"","ocean_both_sidebars_content_width":0,"ocean_both_sidebars_sidebars_width":0,"ocean_sidebar":"0","ocean_second_sidebar":"0","ocean_disable_margins":"enable","ocean_add_body_class":"","ocean_shortcode_before_top_bar":"","ocean_shortcode_after_top_bar":"","ocean_shortcode_before_header":"","ocean_shortcode_after_header":"","ocean_has_shortcode":"","ocean_shortcode_after_title":"","ocean_shortcode_before_footer_widgets":"","ocean_shortcode_after_footer_widgets":"","ocean_shortcode_before_footer_bottom":"","ocean_shortcode_after_footer_bottom":"","ocean_display_top_bar":"default","ocean_display_header":"default","ocean_header_style":"","ocean_center_header_left_menu":"0","ocean_custom_header_template":"0","ocean_custom_logo":0,"ocean_custom_retina_logo":0,"ocean_custom_logo_max_width":0,"ocean_custom_logo_tablet_max_width":0,"ocean_custom_logo_mobile_max_width":0,"ocean_custom_logo_max_height":0,"ocean_custom_logo_tablet_max_height":0,"ocean_custom_logo_mobile_max_height":0,"ocean_header_custom_menu":"0","ocean_menu_typo_font_family":"0","ocean_menu_typo_font_subset":"","ocean_menu_typo_font_size":0,"ocean_menu_typo_font_size_tablet":0,"ocean_menu_typo_font_size_mobile":0,"ocean_menu_typo_font_size_unit":"px","ocean_menu_typo_font_weight":"","ocean_menu_typo_font_weight_tablet":"","ocean_menu_typo_font_weight_mobile":"","ocean_menu_typo_transform":"","ocean_menu_typo_transform_tablet":"","ocean_menu_typo_transform_mobile":"","ocean_menu_typo_line_height":0,"ocean_menu_typo_line_height_tablet":0,"ocean_menu_typo_line_height_mobile":0,"ocean_menu_typo_line_height_unit":"","ocean_menu_typo_spacing":0,"ocean_menu_typo_spacing_tablet":0,"ocean_menu_typo_spacing_mobile":0,"ocean_menu_typo_spacing_unit":"","ocean_menu_link_color":"","ocean_menu_link_color_hover":"","ocean_menu_link_color_active":"","ocean_menu_link_background":"","ocean_menu_link_hover_background":"","ocean_menu_link_active_background":"","ocean_menu_social_links_bg":"","ocean_menu_social_hover_links_bg":"","ocean_menu_social_links_color":"","ocean_menu_social_hover_links_color":"","ocean_disable_title":"default","ocean_disable_heading":"default","ocean_post_title":"","ocean_post_subheading":"","ocean_post_title_style":"","ocean_post_title_background_color":"","ocean_post_title_background":0,"ocean_post_title_bg_image_position":"","ocean_post_title_bg_image_attachment":"","ocean_post_title_bg_image_repeat":"","ocean_post_title_bg_image_size":"","ocean_post_title_height":0,"ocean_post_title_bg_overlay":0.5,"ocean_post_title_bg_overlay_color":"","ocean_disable_breadcrumbs":"default","ocean_breadcrumbs_color":"","ocean_breadcrumbs_separator_color":"","ocean_breadcrumbs_links_color":"","ocean_breadcrumbs_links_hover_color":"","ocean_display_footer_widgets":"default","ocean_display_footer_bottom":"default","ocean_custom_footer_template":"0","ofc_meta_disable_footer_callout":"","ofc_meta_callout_button_url":"","ofc_meta_callout_button_txt":"","ofc_meta_callout_text":"","ofc_enable_fullscreen":"disable","ofc_fullscreen_speed":0,"ofc_fullscreen_nav":"enable","ofc_fullscreen_nav_pos":"right","ofc_fullscreen_nav_color":"","ofc_fullscreen_nav_tooltip_color":"","ofc_fullscreen_responsive":0,"osp_disable_panel":"default","osh_disable_topbar_sticky":"default","osh_disable_header_sticky":"default","osh_sticky_header_style":"default","osh_sticky_header_effect":"","osh_custom_sticky_logo":0,"osh_custom_retina_sticky_logo":0,"osh_custom_sticky_logo_height":0,"osh_background_color":"","osh_links_color":"","osh_links_hover_color":"","osh_links_active_color":"","osh_links_bg_color":"","osh_links_hover_bg_color":"","osh_links_active_bg_color":"","osh_menu_social_links_color":"","osh_menu_social_hover_links_color":"","_joinchat":[]},"product_cat":[58],"product_tag":[],"yoast_head":"<!-- This site is optimized with the Yoast SEO plugin v22.8 - https:\/\/yoast.com\/wordpress\/plugins\/seo\/ -->\n<title>Casaca Columbia para hombre Powder Lite\u2122 (Canteen, Black) Reservado - Todo Casacas<\/title>\n<meta name=\"robots\" content=\"index, follow, max-snippet:-1, max-image-preview:large, max-video-preview:-1\" \/>\n<link rel=\"canonical\" href=\"https:\/\/todocasacas.com\/?product=casaca-columbia-para-hombre-powder-lite-canteen-black\" \/>\n<meta property=\"og:locale\" content=\"es_ES\" \/>\n<meta property=\"og:type\" content=\"article\" \/>\n<meta property=\"og:title\" content=\"Casaca Columbia para hombre Powder Lite\u2122 (Canteen, Black) Reservado - Todo Casacas\" \/>\n<meta property=\"og:description\" content=\"OMNI-HEAT REFLECTIVE Ideal para finales de oto\u00f1o y principios de invierno, esta chaqueta resistente al agua cuenta con un forro reflectante t\u00e9rmico y aislamiento para mayor calidez. ULTIMATE HEAT os bolsillos con cremallera son perfectos para guardar objetos de valor.\u00a0La capucha y el dobladillo ajustables y los pu\u00f1os el\u00e1sticos mantienen el calor. El forro termorreflectante [&hellip;]\" \/>\n<meta property=\"og:url\" content=\"https:\/\/todocasacas.com\/?product=casaca-columbia-para-hombre-powder-lite-canteen-black\" \/>\n<meta property=\"og:site_name\" content=\"Todo Casacas\" \/>\n<meta property=\"article:publisher\" content=\"https:\/\/www.facebook.com\/share\/RA5dh6eQ1WzKKNuq\/?mibextid=qi2Omg\" \/>\n<meta property=\"article:modified_time\" content=\"2024-09-22T23:24:44+00:00\" \/>\n<meta property=\"og:image\" content=\"https:\/\/todocasacas.com\/wp-content\/uploads\/2024\/07\/Internet_20240727_135915_5.jpeg\" \/>\n\t<meta property=\"og:image:width\" content=\"768\" \/>\n\t<meta property=\"og:image:height\" content=\"806\" \/>\n\t<meta property=\"og:image:type\" content=\"image\/jpeg\" \/>\n<meta name=\"twitter:card\" content=\"summary_large_image\" \/>\n<meta name=\"twitter:label1\" content=\"Tiempo de lectura\" \/>\n\t<meta name=\"twitter:data1\" content=\"2 minutos\" \/>\n<script type=\"application\/ld+json\" class=\"yoast-schema-graph\">{\"@context\":\"https:\/\/schema.org\",\"@graph\":[{\"@type\":\"WebPage\",\"@id\":\"https:\/\/todocasacas.com\/?product=casaca-columbia-para-hombre-powder-lite-canteen-black\",\"url\":\"https:\/\/todocasacas.com\/?product=casaca-columbia-para-hombre-powder-lite-canteen-black\",\"name\":\"Casaca Columbia para hombre Powder Lite\u2122 (Canteen, Black) Reservado - Todo Casacas\",\"isPartOf\":{\"@id\":\"https:\/\/todocasacas.com\/#website\"},\"primaryImageOfPage\":{\"@id\":\"https:\/\/todocasacas.com\/?product=casaca-columbia-para-hombre-powder-lite-canteen-black#primaryimage\"},\"image\":{\"@id\":\"https:\/\/todocasacas.com\/?product=casaca-columbia-para-hombre-powder-lite-canteen-black#primaryimage\"},\"thumbnailUrl\":\"https:\/\/todocasacas.com\/wp-content\/uploads\/2024\/07\/Internet_20240727_135915_5.jpeg\",\"datePublished\":\"2024-07-27T19:00:22+00:00\",\"dateModified\":\"2024-09-22T23:24:44+00:00\",\"breadcrumb\":{\"@id\":\"https:\/\/todocasacas.com\/?product=casaca-columbia-para-hombre-powder-lite-canteen-black#breadcrumb\"},\"inLanguage\":\"es\",\"potentialAction\":[{\"@type\":\"ReadAction\",\"target\":[\"https:\/\/todocasacas.com\/?product=casaca-columbia-para-hombre-powder-lite-canteen-black\"]}]},{\"@type\":\"ImageObject\",\"inLanguage\":\"es\",\"@id\":\"https:\/\/todocasacas.com\/?product=casaca-columbia-para-hombre-powder-lite-canteen-black#primaryimage\",\"url\":\"https:\/\/todocasacas.com\/wp-content\/uploads\/2024\/07\/Internet_20240727_135915_5.jpeg\",\"contentUrl\":\"https:\/\/todocasacas.com\/wp-content\/uploads\/2024\/07\/Internet_20240727_135915_5.jpeg\",\"width\":768,\"height\":806},{\"@type\":\"BreadcrumbList\",\"@id\":\"https:\/\/todocasacas.com\/?product=casaca-columbia-para-hombre-powder-lite-canteen-black#breadcrumb\",\"itemListElement\":[{\"@type\":\"ListItem\",\"position\":1,\"name\":\"Portada\",\"item\":\"https:\/\/todocasacas.com\/\"},{\"@type\":\"ListItem\",\"position\":2,\"name\":\"Shop\",\"item\":\"https:\/\/todocasacas.com\/?page_id=333\"},{\"@type\":\"ListItem\",\"position\":3,\"name\":\"Casaca Columbia para hombre Powder Lite\u2122 (Canteen, Black) Reservado\"}]},{\"@type\":\"WebSite\",\"@id\":\"https:\/\/todocasacas.com\/#website\",\"url\":\"https:\/\/todocasacas.com\/\",\"name\":\"Todo Casacas\",\"description\":\"&quot;Descubre nuestra selecci\u00f3n de casacas originales en diferentes marcas. \u00a1Encuentra tu estilo y prep\u00e1rate para aventuras al aire libre!&quot;\",\"publisher\":{\"@id\":\"https:\/\/todocasacas.com\/#organization\"},\"potentialAction\":[{\"@type\":\"SearchAction\",\"target\":{\"@type\":\"EntryPoint\",\"urlTemplate\":\"https:\/\/todocasacas.com\/?s={search_term_string}\"},\"query-input\":\"required name=search_term_string\"}],\"inLanguage\":\"es\"},{\"@type\":\"Organization\",\"@id\":\"https:\/\/todocasacas.com\/#organization\",\"name\":\"Todo Casacas\",\"url\":\"https:\/\/todocasacas.com\/\",\"logo\":{\"@type\":\"ImageObject\",\"inLanguage\":\"es\",\"@id\":\"https:\/\/todocasacas.com\/#\/schema\/logo\/image\/\",\"url\":\"https:\/\/todocasacas.com\/wp-content\/uploads\/2024\/04\/cropped-logo1.gif\",\"contentUrl\":\"https:\/\/todocasacas.com\/wp-content\/uploads\/2024\/04\/cropped-logo1.gif\",\"width\":1061,\"height\":476,\"caption\":\"Todo Casacas\"},\"image\":{\"@id\":\"https:\/\/todocasacas.com\/#\/schema\/logo\/image\/\"},\"sameAs\":[\"https:\/\/www.facebook.com\/share\/RA5dh6eQ1WzKKNuq\/?mibextid=qi2Omg\"]}]}<\/script>\n<!-- \/ Yoast SEO plugin. -->","yoast_head_json":{"title":"Casaca Columbia para hombre Powder Lite\u2122 (Canteen, Black) Reservado - Todo Casacas","robots":{"index":"index","follow":"follow","max-snippet":"max-snippet:-1","max-image-preview":"max-image-preview:large","max-video-preview":"max-video-preview:-1"},"canonical":"https:\/\/todocasacas.com\/?product=casaca-columbia-para-hombre-powder-lite-canteen-black","og_locale":"es_ES","og_type":"article","og_title":"Casaca Columbia para hombre Powder Lite\u2122 (Canteen, Black) Reservado - Todo Casacas","og_description":"OMNI-HEAT REFLECTIVE Ideal para finales de oto\u00f1o y principios de invierno, esta chaqueta resistente al agua cuenta con un forro reflectante t\u00e9rmico y aislamiento para mayor calidez. ULTIMATE HEAT os bolsillos con cremallera son perfectos para guardar objetos de valor.\u00a0La capucha y el dobladillo ajustables y los pu\u00f1os el\u00e1sticos mantienen el calor. El forro termorreflectante [&hellip;]","og_url":"https:\/\/todocasacas.com\/?product=casaca-columbia-para-hombre-powder-lite-canteen-black","og_site_name":"Todo Casacas","article_publisher":"https:\/\/www.facebook.com\/share\/RA5dh6eQ1WzKKNuq\/?mibextid=qi2Omg","article_modified_time":"2024-09-22T23:24:44+00:00","og_image":[{"width":768,"height":806,"url":"https:\/\/todocasacas.com\/wp-content\/uploads\/2024\/07\/Internet_20240727_135915_5.jpeg","type":"image\/jpeg"}],"twitter_card":"summary_large_image","twitter_misc":{"Tiempo de lectura":"2 minutos"},"schema":{"@context":"https:\/\/schema.org","@graph":[{"@type":"WebPage","@id":"https:\/\/todocasacas.com\/?product=casaca-columbia-para-hombre-powder-lite-canteen-black","url":"https:\/\/todocasacas.com\/?product=casaca-columbia-para-hombre-powder-lite-canteen-black","name":"Casaca Columbia para hombre Powder Lite\u2122 (Canteen, Black) Reservado - Todo Casacas","isPartOf":{"@id":"https:\/\/todocasacas.com\/#website"},"primaryImageOfPage":{"@id":"https:\/\/todocasacas.com\/?product=casaca-columbia-para-hombre-powder-lite-canteen-black#primaryimage"},"image":{"@id":"https:\/\/todocasacas.com\/?product=casaca-columbia-para-hombre-powder-lite-canteen-black#primaryimage"},"thumbnailUrl":"https:\/\/todocasacas.com\/wp-content\/uploads\/2024\/07\/Internet_20240727_135915_5.jpeg","datePublished":"2024-07-27T19:00:22+00:00","dateModified":"2024-09-22T23:24:44+00:00","breadcrumb":{"@id":"https:\/\/todocasacas.com\/?product=casaca-columbia-para-hombre-powder-lite-canteen-black#breadcrumb"},"inLanguage":"es","potentialAction":[{"@type":"ReadAction","target":["https:\/\/todocasacas.com\/?product=casaca-columbia-para-hombre-powder-lite-canteen-black"]}]},{"@type":"ImageObject","inLanguage":"es","@id":"https:\/\/todocasacas.com\/?product=casaca-columbia-para-hombre-powder-lite-canteen-black#primaryimage","url":"https:\/\/todocasacas.com\/wp-content\/uploads\/2024\/07\/Internet_20240727_135915_5.jpeg","contentUrl":"https:\/\/todocasacas.com\/wp-content\/uploads\/2024\/07\/Internet_20240727_135915_5.jpeg","width":768,"height":806},{"@type":"BreadcrumbList","@id":"https:\/\/todocasacas.com\/?product=casaca-columbia-para-hombre-powder-lite-canteen-black#breadcrumb","itemListElement":[{"@type":"ListItem","position":1,"name":"Portada","item":"https:\/\/todocasacas.com\/"},{"@type":"ListItem","position":2,"name":"Shop","item":"https:\/\/todocasacas.com\/?page_id=333"},{"@type":"ListItem","position":3,"name":"Casaca Columbia para hombre Powder Lite\u2122 (Canteen, Black) Reservado"}]},{"@type":"WebSite","@id":"https:\/\/todocasacas.com\/#website","url":"https:\/\/todocasacas.com\/","name":"Todo Casacas","description":"&quot;Descubre nuestra selecci\u00f3n de casacas originales en diferentes marcas. \u00a1Encuentra tu estilo y prep\u00e1rate para aventuras al aire libre!&quot;","publisher":{"@id":"https:\/\/todocasacas.com\/#organization"},"potentialAction":[{"@type":"SearchAction","target":{"@type":"EntryPoint","urlTemplate":"https:\/\/todocasacas.com\/?s={search_term_string}"},"query-input":"required name=search_term_string"}],"inLanguage":"es"},{"@type":"Organization","@id":"https:\/\/todocasacas.com\/#organization","name":"Todo Casacas","url":"https:\/\/todocasacas.com\/","logo":{"@type":"ImageObject","inLanguage":"es","@id":"https:\/\/todocasacas.com\/#\/schema\/logo\/image\/","url":"https:\/\/todocasacas.com\/wp-content\/uploads\/2024\/04\/cropped-logo1.gif","contentUrl":"https:\/\/todocasacas.com\/wp-content\/uploads\/2024\/04\/cropped-logo1.gif","width":1061,"height":476,"caption":"Todo Casacas"},"image":{"@id":"https:\/\/todocasacas.com\/#\/schema\/logo\/image\/"},"sameAs":["https:\/\/www.facebook.com\/share\/RA5dh6eQ1WzKKNuq\/?mibextid=qi2Omg"]}]}},"jetpack_sharing_enabled":true,"_links":{"self":[{"href":"https:\/\/todocasacas.com\/index.php?rest_route=\/wp\/v2\/product\/1415"}],"collection":[{"href":"https:\/\/todocasacas.com\/index.php?rest_route=\/wp\/v2\/product"}],"about":[{"href":"https:\/\/todocasacas.com\/index.php?rest_route=\/wp\/v2\/types\/product"}],"wp:featuredmedia":[{"embeddable":true,"href":"https:\/\/todocasacas.com\/index.php?rest_route=\/wp\/v2\/media\/1421"}],"wp:attachment":[{"href":"https:\/\/todocasacas.com\/index.php?rest_route=%2Fwp%2Fv2%2Fmedia&parent=1415"}],"wp:term":[{"taxonomy":"product_cat","embeddable":true,"href":"https:\/\/todocasacas.com\/index.php?rest_route=%2Fwp%2Fv2%2Fproduct_cat&post=1415"},{"taxonomy":"product_tag","embeddable":true,"href":"https:\/\/todocasacas.com\/index.php?rest_route=%2Fwp%2Fv2%2Fproduct_tag&post=1415"}],"curies":[{"name":"wp","href":"https:\/\/api.w.org\/{rel}","templated":true}]}}