{"id":1506,"date":"2024-09-12T15:01:02","date_gmt":"2024-09-12T20:01:02","guid":{"rendered":"https:\/\/todocasacas.com\/?post_type=product&#038;p=1506"},"modified":"2025-02-22T16:18:10","modified_gmt":"2025-02-22T21:18:10","slug":"casaca-columbia-hombre-alpine-crux-iii-down-jacket-black","status":"publish","type":"product","link":"https:\/\/todocasacas.com\/?product=casaca-columbia-hombre-alpine-crux-iii-down-jacket-black","title":{"rendered":"Casaca Columbia Hombre Alpine Crux\u2122 III  (Black)"},"content":{"rendered":"<h5>DESCRIPCI\u00d3N<\/h5>\n<p>Inspirada en las mantas espaciales de la NASA, nuestra tecnolog\u00eda termorreflectiva Omni-Heat\u2122 ha mantenido abrigados a los exploradores al aire libre durante a\u00f1os. En 2024, \u00a1nuestra Omni-Heat\u2122 Infinity incluso se prob\u00f3 en la Luna! Pero sigue siendo la misma tecnolog\u00eda que usamos para mantenerte c\u00f3modo aqu\u00ed en la Tierra<\/p>\n<h5>TODO LO QUE NECESITAS<\/h5>\n<ul class=\"product__details__bullet-list\">\n<li class=\"pdp-list__item\">Este estilo Columbia Titanium est\u00e1 dise\u00f1ado para actividades al aire libre de alto rendimiento en las peores condiciones con nuestro mejor ajuste, caracter\u00edsticas y tecnolog\u00eda.<\/li>\n<li class=\"pdp-list__item\">El forro Omni-Heat\u2122 Infinity retiene el calor corporal y al mismo tiempo es transpirable gracias a un patr\u00f3n expandido de puntos dorados que reflejan el calor para mantenerte m\u00e1s abrigado en condiciones de fr\u00edo.<\/li>\n<li class=\"pdp-list__item\">HeatSeal\u2122 te mantiene abrigado con una construcci\u00f3n sellada t\u00e9rmicamente sin costuras que sella el calor y mantiene el fr\u00edo afuera para que puedas enfrentar condiciones fr\u00edas.<\/li>\n<li class=\"pdp-list__item\">El aislamiento de plum\u00f3n con relleno de 800 pulgadas c\u00fabicas atrapa el calor, para que te mantengas c\u00f3modo en condiciones de fr\u00edo.<\/li>\n<li class=\"pdp-list__item\">El plum\u00f3n con certificaci\u00f3n RDS garantiza pr\u00e1cticas de fabricaci\u00f3n \u00e9ticas<\/li>\n<li class=\"pdp-list__item\">Omni-Shield\u2122 repele la humedad y resiste las manchas al evitar que los l\u00edquidos se absorban en los hilos de secado r\u00e1pido, para que permanezca limpio y seco en condiciones h\u00famedas y sucias.<\/li>\n<li class=\"pdp-list__item\">Los lazos en los pu\u00f1os y el cuello te permiten colocar una chaqueta exterior Columbia Interchange para mayor protecci\u00f3n (no incluida)<\/li>\n<li class=\"pdp-list__item\">La tela resistente al agua elimina la humedad utilizando materiales que repelen el agua, por lo que permanece seco en condiciones levemente h\u00famedas.<\/li>\n<li class=\"pdp-list__item\">Ribete en cuello, pu\u00f1os y dobladillo para un aspecto acabado.<\/li>\n<li class=\"pdp-list__item\">La protecci\u00f3n de barbilla evita las rozaduras<\/li>\n<li class=\"pdp-list__item\">Los bolsillos con cremallera protegen los objetos de valor<\/li>\n<li class=\"pdp-list__item\">El dobladillo ajustable con cord\u00f3n protege contra los elementos.<\/li>\n<li class=\"pdp-list__item\">Dobladillo trasero m\u00e1s largo para mayor cobertura y protecci\u00f3n.<\/li>\n<li class=\"pdp-list__item\">Se puede guardar en el bolsillo para guardarlo f\u00e1cilmente.<\/li>\n<li class=\"pdp-list__item\">Largo de la espalda central: 28,5 pulgadas\/72,4 cm<\/li>\n<li class=\"pdp-list__item\">Usos: Senderismo<\/li>\n<li class=\"pdp-list__item\">Importado<\/li>\n<\/ul>\n<h3 style=\"text-align: center;\">TELA<\/h3>\n<ul>\n<li>\n<div class=\"accordion__content-fabric mb-3\"><span class=\"d-block\">Exterior: 100 % nailon<\/span><\/div>\n<\/li>\n<li>\n<div class=\"accordion__content-fabric mb-3\"><span class=\"d-block\">Forro: 100 % poli\u00e9ster, tricot cepillado resistente a la abrasi\u00f3n.<\/span><\/div>\n<\/li>\n<li>\n<div class=\"accordion__content-fabric mb-3\"><span class=\"d-block\">Aislamiento: Aislamiento de plum\u00f3n de ganso Fill Power de 800, certificado por RDS<\/span><\/div>\n<\/li>\n<\/ul>\n<ul>\n<li style=\"list-style-type: none;\"><\/li>\n<\/ul>\n","protected":false},"excerpt":{"rendered":"<p>DESCRIPCI\u00d3N Inspirada en las mantas espaciales de la NASA, nuestra tecnolog\u00eda termorreflectiva Omni-Heat\u2122 ha mantenido abrigados a los exploradores al aire libre durante a\u00f1os. En 2024, \u00a1nuestra Omni-Heat\u2122 Infinity incluso se prob\u00f3 en la Luna! Pero sigue siendo la misma tecnolog\u00eda que usamos para mantenerte c\u00f3modo aqu\u00ed en la Tierra TODO LO QUE NECESITAS Este [&hellip;]<\/p>\n","protected":false},"featured_media":1513,"template":"","meta":{"ocean_post_layout":"","ocean_both_sidebars_style":"","ocean_both_sidebars_content_width":0,"ocean_both_sidebars_sidebars_width":0,"ocean_sidebar":"0","ocean_second_sidebar":"0","ocean_disable_margins":"enable","ocean_add_body_class":"","ocean_shortcode_before_top_bar":"","ocean_shortcode_after_top_bar":"","ocean_shortcode_before_header":"","ocean_shortcode_after_header":"","ocean_has_shortcode":"","ocean_shortcode_after_title":"","ocean_shortcode_before_footer_widgets":"","ocean_shortcode_after_footer_widgets":"","ocean_shortcode_before_footer_bottom":"","ocean_shortcode_after_footer_bottom":"","ocean_display_top_bar":"default","ocean_display_header":"default","ocean_header_style":"","ocean_center_header_left_menu":"0","ocean_custom_header_template":"0","ocean_custom_logo":0,"ocean_custom_retina_logo":0,"ocean_custom_logo_max_width":0,"ocean_custom_logo_tablet_max_width":0,"ocean_custom_logo_mobile_max_width":0,"ocean_custom_logo_max_height":0,"ocean_custom_logo_tablet_max_height":0,"ocean_custom_logo_mobile_max_height":0,"ocean_header_custom_menu":"0","ocean_menu_typo_font_family":"0","ocean_menu_typo_font_subset":"","ocean_menu_typo_font_size":0,"ocean_menu_typo_font_size_tablet":0,"ocean_menu_typo_font_size_mobile":0,"ocean_menu_typo_font_size_unit":"px","ocean_menu_typo_font_weight":"","ocean_menu_typo_font_weight_tablet":"","ocean_menu_typo_font_weight_mobile":"","ocean_menu_typo_transform":"","ocean_menu_typo_transform_tablet":"","ocean_menu_typo_transform_mobile":"","ocean_menu_typo_line_height":0,"ocean_menu_typo_line_height_tablet":0,"ocean_menu_typo_line_height_mobile":0,"ocean_menu_typo_line_height_unit":"","ocean_menu_typo_spacing":0,"ocean_menu_typo_spacing_tablet":0,"ocean_menu_typo_spacing_mobile":0,"ocean_menu_typo_spacing_unit":"","ocean_menu_link_color":"","ocean_menu_link_color_hover":"","ocean_menu_link_color_active":"","ocean_menu_link_background":"","ocean_menu_link_hover_background":"","ocean_menu_link_active_background":"","ocean_menu_social_links_bg":"","ocean_menu_social_hover_links_bg":"","ocean_menu_social_links_color":"","ocean_menu_social_hover_links_color":"","ocean_disable_title":"default","ocean_disable_heading":"default","ocean_post_title":"","ocean_post_subheading":"","ocean_post_title_style":"","ocean_post_title_background_color":"","ocean_post_title_background":0,"ocean_post_title_bg_image_position":"","ocean_post_title_bg_image_attachment":"","ocean_post_title_bg_image_repeat":"","ocean_post_title_bg_image_size":"","ocean_post_title_height":0,"ocean_post_title_bg_overlay":0.5,"ocean_post_title_bg_overlay_color":"","ocean_disable_breadcrumbs":"default","ocean_breadcrumbs_color":"","ocean_breadcrumbs_separator_color":"","ocean_breadcrumbs_links_color":"","ocean_breadcrumbs_links_hover_color":"","ocean_display_footer_widgets":"default","ocean_display_footer_bottom":"default","ocean_custom_footer_template":"0","ofc_meta_disable_footer_callout":"","ofc_meta_callout_button_url":"","ofc_meta_callout_button_txt":"","ofc_meta_callout_text":"","ofc_enable_fullscreen":"disable","ofc_fullscreen_speed":0,"ofc_fullscreen_nav":"enable","ofc_fullscreen_nav_pos":"right","ofc_fullscreen_nav_color":"","ofc_fullscreen_nav_tooltip_color":"","ofc_fullscreen_responsive":0,"osp_disable_panel":"default","osh_disable_topbar_sticky":"default","osh_disable_header_sticky":"default","osh_sticky_header_style":"default","osh_sticky_header_effect":"","osh_custom_sticky_logo":0,"osh_custom_retina_sticky_logo":0,"osh_custom_sticky_logo_height":0,"osh_background_color":"","osh_links_color":"","osh_links_hover_color":"","osh_links_active_color":"","osh_links_bg_color":"","osh_links_hover_bg_color":"","osh_links_active_bg_color":"","osh_menu_social_links_color":"","osh_menu_social_hover_links_color":"","_joinchat":[]},"product_cat":[58],"product_tag":[],"yoast_head":"<!-- This site is optimized with the Yoast SEO plugin v22.8 - https:\/\/yoast.com\/wordpress\/plugins\/seo\/ -->\n<title>Casaca Columbia Hombre Alpine Crux\u2122 III (Black) - Todo Casacas<\/title>\n<meta name=\"robots\" content=\"index, follow, max-snippet:-1, max-image-preview:large, max-video-preview:-1\" \/>\n<link rel=\"canonical\" href=\"https:\/\/todocasacas.com\/?product=casaca-columbia-hombre-alpine-crux-iii-down-jacket-black\" \/>\n<meta property=\"og:locale\" content=\"es_ES\" \/>\n<meta property=\"og:type\" content=\"article\" \/>\n<meta property=\"og:title\" content=\"Casaca Columbia Hombre Alpine Crux\u2122 III (Black) - Todo Casacas\" \/>\n<meta property=\"og:description\" content=\"DESCRIPCI\u00d3N Inspirada en las mantas espaciales de la NASA, nuestra tecnolog\u00eda termorreflectiva Omni-Heat\u2122 ha mantenido abrigados a los exploradores al aire libre durante a\u00f1os. En 2024, \u00a1nuestra Omni-Heat\u2122 Infinity incluso se prob\u00f3 en la Luna! Pero sigue siendo la misma tecnolog\u00eda que usamos para mantenerte c\u00f3modo aqu\u00ed en la Tierra TODO LO QUE NECESITAS Este [&hellip;]\" \/>\n<meta property=\"og:url\" content=\"https:\/\/todocasacas.com\/?product=casaca-columbia-hombre-alpine-crux-iii-down-jacket-black\" \/>\n<meta property=\"og:site_name\" content=\"Todo Casacas\" \/>\n<meta property=\"article:publisher\" content=\"https:\/\/www.facebook.com\/share\/RA5dh6eQ1WzKKNuq\/?mibextid=qi2Omg\" \/>\n<meta property=\"article:modified_time\" content=\"2025-02-22T21:18:10+00:00\" \/>\n<meta property=\"og:image\" content=\"https:\/\/todocasacas.com\/wp-content\/uploads\/2024\/09\/2088681_010_a6_om.webp\" \/>\n\t<meta property=\"og:image:width\" content=\"768\" \/>\n\t<meta property=\"og:image:height\" content=\"806\" \/>\n\t<meta property=\"og:image:type\" content=\"image\/webp\" \/>\n<meta name=\"twitter:card\" content=\"summary_large_image\" \/>\n<meta name=\"twitter:label1\" content=\"Tiempo de lectura\" \/>\n\t<meta name=\"twitter:data1\" content=\"2 minutos\" \/>\n<script type=\"application\/ld+json\" class=\"yoast-schema-graph\">{\"@context\":\"https:\/\/schema.org\",\"@graph\":[{\"@type\":\"WebPage\",\"@id\":\"https:\/\/todocasacas.com\/?product=casaca-columbia-hombre-alpine-crux-iii-down-jacket-black\",\"url\":\"https:\/\/todocasacas.com\/?product=casaca-columbia-hombre-alpine-crux-iii-down-jacket-black\",\"name\":\"Casaca Columbia Hombre Alpine Crux\u2122 III (Black) - Todo Casacas\",\"isPartOf\":{\"@id\":\"https:\/\/todocasacas.com\/#website\"},\"primaryImageOfPage\":{\"@id\":\"https:\/\/todocasacas.com\/?product=casaca-columbia-hombre-alpine-crux-iii-down-jacket-black#primaryimage\"},\"image\":{\"@id\":\"https:\/\/todocasacas.com\/?product=casaca-columbia-hombre-alpine-crux-iii-down-jacket-black#primaryimage\"},\"thumbnailUrl\":\"https:\/\/todocasacas.com\/wp-content\/uploads\/2024\/09\/2088681_010_a6_om.webp\",\"datePublished\":\"2024-09-12T20:01:02+00:00\",\"dateModified\":\"2025-02-22T21:18:10+00:00\",\"breadcrumb\":{\"@id\":\"https:\/\/todocasacas.com\/?product=casaca-columbia-hombre-alpine-crux-iii-down-jacket-black#breadcrumb\"},\"inLanguage\":\"es\",\"potentialAction\":[{\"@type\":\"ReadAction\",\"target\":[\"https:\/\/todocasacas.com\/?product=casaca-columbia-hombre-alpine-crux-iii-down-jacket-black\"]}]},{\"@type\":\"ImageObject\",\"inLanguage\":\"es\",\"@id\":\"https:\/\/todocasacas.com\/?product=casaca-columbia-hombre-alpine-crux-iii-down-jacket-black#primaryimage\",\"url\":\"https:\/\/todocasacas.com\/wp-content\/uploads\/2024\/09\/2088681_010_a6_om.webp\",\"contentUrl\":\"https:\/\/todocasacas.com\/wp-content\/uploads\/2024\/09\/2088681_010_a6_om.webp\",\"width\":768,\"height\":806},{\"@type\":\"BreadcrumbList\",\"@id\":\"https:\/\/todocasacas.com\/?product=casaca-columbia-hombre-alpine-crux-iii-down-jacket-black#breadcrumb\",\"itemListElement\":[{\"@type\":\"ListItem\",\"position\":1,\"name\":\"Portada\",\"item\":\"https:\/\/todocasacas.com\/\"},{\"@type\":\"ListItem\",\"position\":2,\"name\":\"Shop\",\"item\":\"https:\/\/todocasacas.com\/?page_id=333\"},{\"@type\":\"ListItem\",\"position\":3,\"name\":\"Casaca Columbia Hombre Alpine Crux\u2122 III (Black)\"}]},{\"@type\":\"WebSite\",\"@id\":\"https:\/\/todocasacas.com\/#website\",\"url\":\"https:\/\/todocasacas.com\/\",\"name\":\"Todo Casacas\",\"description\":\"&quot;Descubre nuestra selecci\u00f3n de casacas originales en diferentes marcas. \u00a1Encuentra tu estilo y prep\u00e1rate para aventuras al aire libre!&quot;\",\"publisher\":{\"@id\":\"https:\/\/todocasacas.com\/#organization\"},\"potentialAction\":[{\"@type\":\"SearchAction\",\"target\":{\"@type\":\"EntryPoint\",\"urlTemplate\":\"https:\/\/todocasacas.com\/?s={search_term_string}\"},\"query-input\":\"required name=search_term_string\"}],\"inLanguage\":\"es\"},{\"@type\":\"Organization\",\"@id\":\"https:\/\/todocasacas.com\/#organization\",\"name\":\"Todo Casacas\",\"url\":\"https:\/\/todocasacas.com\/\",\"logo\":{\"@type\":\"ImageObject\",\"inLanguage\":\"es\",\"@id\":\"https:\/\/todocasacas.com\/#\/schema\/logo\/image\/\",\"url\":\"https:\/\/todocasacas.com\/wp-content\/uploads\/2024\/04\/cropped-logo1.gif\",\"contentUrl\":\"https:\/\/todocasacas.com\/wp-content\/uploads\/2024\/04\/cropped-logo1.gif\",\"width\":1061,\"height\":476,\"caption\":\"Todo Casacas\"},\"image\":{\"@id\":\"https:\/\/todocasacas.com\/#\/schema\/logo\/image\/\"},\"sameAs\":[\"https:\/\/www.facebook.com\/share\/RA5dh6eQ1WzKKNuq\/?mibextid=qi2Omg\"]}]}<\/script>\n<!-- \/ Yoast SEO plugin. -->","yoast_head_json":{"title":"Casaca Columbia Hombre Alpine Crux\u2122 III (Black) - Todo Casacas","robots":{"index":"index","follow":"follow","max-snippet":"max-snippet:-1","max-image-preview":"max-image-preview:large","max-video-preview":"max-video-preview:-1"},"canonical":"https:\/\/todocasacas.com\/?product=casaca-columbia-hombre-alpine-crux-iii-down-jacket-black","og_locale":"es_ES","og_type":"article","og_title":"Casaca Columbia Hombre Alpine Crux\u2122 III (Black) - Todo Casacas","og_description":"DESCRIPCI\u00d3N Inspirada en las mantas espaciales de la NASA, nuestra tecnolog\u00eda termorreflectiva Omni-Heat\u2122 ha mantenido abrigados a los exploradores al aire libre durante a\u00f1os. En 2024, \u00a1nuestra Omni-Heat\u2122 Infinity incluso se prob\u00f3 en la Luna! Pero sigue siendo la misma tecnolog\u00eda que usamos para mantenerte c\u00f3modo aqu\u00ed en la Tierra TODO LO QUE NECESITAS Este [&hellip;]","og_url":"https:\/\/todocasacas.com\/?product=casaca-columbia-hombre-alpine-crux-iii-down-jacket-black","og_site_name":"Todo Casacas","article_publisher":"https:\/\/www.facebook.com\/share\/RA5dh6eQ1WzKKNuq\/?mibextid=qi2Omg","article_modified_time":"2025-02-22T21:18:10+00:00","og_image":[{"width":768,"height":806,"url":"https:\/\/todocasacas.com\/wp-content\/uploads\/2024\/09\/2088681_010_a6_om.webp","type":"image\/webp"}],"twitter_card":"summary_large_image","twitter_misc":{"Tiempo de lectura":"2 minutos"},"schema":{"@context":"https:\/\/schema.org","@graph":[{"@type":"WebPage","@id":"https:\/\/todocasacas.com\/?product=casaca-columbia-hombre-alpine-crux-iii-down-jacket-black","url":"https:\/\/todocasacas.com\/?product=casaca-columbia-hombre-alpine-crux-iii-down-jacket-black","name":"Casaca Columbia Hombre Alpine Crux\u2122 III (Black) - Todo Casacas","isPartOf":{"@id":"https:\/\/todocasacas.com\/#website"},"primaryImageOfPage":{"@id":"https:\/\/todocasacas.com\/?product=casaca-columbia-hombre-alpine-crux-iii-down-jacket-black#primaryimage"},"image":{"@id":"https:\/\/todocasacas.com\/?product=casaca-columbia-hombre-alpine-crux-iii-down-jacket-black#primaryimage"},"thumbnailUrl":"https:\/\/todocasacas.com\/wp-content\/uploads\/2024\/09\/2088681_010_a6_om.webp","datePublished":"2024-09-12T20:01:02+00:00","dateModified":"2025-02-22T21:18:10+00:00","breadcrumb":{"@id":"https:\/\/todocasacas.com\/?product=casaca-columbia-hombre-alpine-crux-iii-down-jacket-black#breadcrumb"},"inLanguage":"es","potentialAction":[{"@type":"ReadAction","target":["https:\/\/todocasacas.com\/?product=casaca-columbia-hombre-alpine-crux-iii-down-jacket-black"]}]},{"@type":"ImageObject","inLanguage":"es","@id":"https:\/\/todocasacas.com\/?product=casaca-columbia-hombre-alpine-crux-iii-down-jacket-black#primaryimage","url":"https:\/\/todocasacas.com\/wp-content\/uploads\/2024\/09\/2088681_010_a6_om.webp","contentUrl":"https:\/\/todocasacas.com\/wp-content\/uploads\/2024\/09\/2088681_010_a6_om.webp","width":768,"height":806},{"@type":"BreadcrumbList","@id":"https:\/\/todocasacas.com\/?product=casaca-columbia-hombre-alpine-crux-iii-down-jacket-black#breadcrumb","itemListElement":[{"@type":"ListItem","position":1,"name":"Portada","item":"https:\/\/todocasacas.com\/"},{"@type":"ListItem","position":2,"name":"Shop","item":"https:\/\/todocasacas.com\/?page_id=333"},{"@type":"ListItem","position":3,"name":"Casaca Columbia Hombre Alpine Crux\u2122 III (Black)"}]},{"@type":"WebSite","@id":"https:\/\/todocasacas.com\/#website","url":"https:\/\/todocasacas.com\/","name":"Todo Casacas","description":"&quot;Descubre nuestra selecci\u00f3n de casacas originales en diferentes marcas. \u00a1Encuentra tu estilo y prep\u00e1rate para aventuras al aire libre!&quot;","publisher":{"@id":"https:\/\/todocasacas.com\/#organization"},"potentialAction":[{"@type":"SearchAction","target":{"@type":"EntryPoint","urlTemplate":"https:\/\/todocasacas.com\/?s={search_term_string}"},"query-input":"required name=search_term_string"}],"inLanguage":"es"},{"@type":"Organization","@id":"https:\/\/todocasacas.com\/#organization","name":"Todo Casacas","url":"https:\/\/todocasacas.com\/","logo":{"@type":"ImageObject","inLanguage":"es","@id":"https:\/\/todocasacas.com\/#\/schema\/logo\/image\/","url":"https:\/\/todocasacas.com\/wp-content\/uploads\/2024\/04\/cropped-logo1.gif","contentUrl":"https:\/\/todocasacas.com\/wp-content\/uploads\/2024\/04\/cropped-logo1.gif","width":1061,"height":476,"caption":"Todo Casacas"},"image":{"@id":"https:\/\/todocasacas.com\/#\/schema\/logo\/image\/"},"sameAs":["https:\/\/www.facebook.com\/share\/RA5dh6eQ1WzKKNuq\/?mibextid=qi2Omg"]}]}},"jetpack_sharing_enabled":true,"_links":{"self":[{"href":"https:\/\/todocasacas.com\/index.php?rest_route=\/wp\/v2\/product\/1506"}],"collection":[{"href":"https:\/\/todocasacas.com\/index.php?rest_route=\/wp\/v2\/product"}],"about":[{"href":"https:\/\/todocasacas.com\/index.php?rest_route=\/wp\/v2\/types\/product"}],"wp:featuredmedia":[{"embeddable":true,"href":"https:\/\/todocasacas.com\/index.php?rest_route=\/wp\/v2\/media\/1513"}],"wp:attachment":[{"href":"https:\/\/todocasacas.com\/index.php?rest_route=%2Fwp%2Fv2%2Fmedia&parent=1506"}],"wp:term":[{"taxonomy":"product_cat","embeddable":true,"href":"https:\/\/todocasacas.com\/index.php?rest_route=%2Fwp%2Fv2%2Fproduct_cat&post=1506"},{"taxonomy":"product_tag","embeddable":true,"href":"https:\/\/todocasacas.com\/index.php?rest_route=%2Fwp%2Fv2%2Fproduct_tag&post=1506"}],"curies":[{"name":"wp","href":"https:\/\/api.w.org\/{rel}","templated":true}]}}