{"id":820,"date":"2024-02-24T22:25:14","date_gmt":"2024-02-24T21:25:14","guid":{"rendered":"https:\/\/todocasacas.com\/?post_type=product&#038;p=820"},"modified":"2024-07-26T10:14:59","modified_gmt":"2024-07-26T15:14:59","slug":"womens-powder-lite-insulated-hooded-jacket-cypress-trad-camo-print","status":"publish","type":"product","link":"https:\/\/todocasacas.com\/?product=womens-powder-lite-insulated-hooded-jacket-cypress-trad-camo-print","title":{"rendered":"Casaca Columbia para mujer Powder Lite\u2122 Insulada (Cypress Camo)"},"content":{"rendered":"<blockquote>\n<h3 style=\"text-align: center;\">DETALLES<\/h3>\n<\/blockquote>\n<h5>APTA PARA EL INVIERNO DURO<\/h5>\n<p>Confeccionada con una capa duradera resistente al agua, esta chaqueta liviana ofrece calidez en climas fr\u00edos.<\/p>\n<h5>MANTEN TU TEMPERATURA CORPORAL CALIENTE<\/h5>\n<p>El forro t\u00e9rmico reflectante captura el calor corporal que se mantiene c\u00f3moda gracias a los ribetes.<\/p>\n<h5>BOLSILLOS EN ABUNDANCIA<\/h5>\n<p>Tambi\u00e9n cuenta con m\u00faltiples bolsillos con cremallera para proteger tus elementos esenciales en todas las condiciones.<\/p>\n<ul class=\"product__details__bullet-list\">\n<li>El forro Omni-Heat\u2122 Infinity retiene el calor corporal sin dejar de ser transpirable utilizando un patr\u00f3n ampliado de puntos dorados termorreflectantes para mantenerte m\u00e1s abrigado en condiciones de fr\u00edo.<\/li>\n<li>Plum\u00f3n sint\u00e9tico Omni-Heat\u2122<\/li>\n<li>Compatible con intercambio de 3 puntos<\/li>\n<li>Ribete en pu\u00f1os.<\/li>\n<li>Bolsillo interior de seguridad<\/li>\n<li>Bolsillos para las manos con cremallera<\/li>\n<li>Dobladillo ajustable con cord\u00f3n<\/li>\n<li>Longitud central de la espalda: 28&#8243;<\/li>\n<li>Importado USA<\/li>\n<\/ul>\n<h3 style=\"text-align: center;\">TELA<\/h3>\n<ul>\n<li><span class=\"d-block\">Exterior: 100% nailon<\/span><\/li>\n<li><span class=\"d-block\">Forro: 100% Poli\u00e9ster<\/span><\/li>\n<li><span class=\"d-block\">Aislamiento: Plum\u00f3n sint\u00e9tico Omni-Heat\u2122 100% poli\u00e9ster\u00a0<\/span><\/li>\n<\/ul>\n","protected":false},"excerpt":{"rendered":"<p>DETALLES APTA PARA EL INVIERNO DURO Confeccionada con una capa duradera resistente al agua, esta chaqueta liviana ofrece calidez en climas fr\u00edos. MANTEN TU TEMPERATURA CORPORAL CALIENTE El forro t\u00e9rmico reflectante captura el calor corporal que se mantiene c\u00f3moda gracias a los ribetes. BOLSILLOS EN ABUNDANCIA Tambi\u00e9n cuenta con m\u00faltiples bolsillos con cremallera para proteger [&hellip;]<\/p>\n","protected":false},"featured_media":823,"template":"","meta":{"ocean_post_layout":"","ocean_both_sidebars_style":"","ocean_both_sidebars_content_width":0,"ocean_both_sidebars_sidebars_width":0,"ocean_sidebar":"0","ocean_second_sidebar":"0","ocean_disable_margins":"enable","ocean_add_body_class":"","ocean_shortcode_before_top_bar":"","ocean_shortcode_after_top_bar":"","ocean_shortcode_before_header":"","ocean_shortcode_after_header":"","ocean_has_shortcode":"","ocean_shortcode_after_title":"","ocean_shortcode_before_footer_widgets":"","ocean_shortcode_after_footer_widgets":"","ocean_shortcode_before_footer_bottom":"","ocean_shortcode_after_footer_bottom":"","ocean_display_top_bar":"default","ocean_display_header":"default","ocean_header_style":"","ocean_center_header_left_menu":"0","ocean_custom_header_template":"0","ocean_custom_logo":0,"ocean_custom_retina_logo":0,"ocean_custom_logo_max_width":0,"ocean_custom_logo_tablet_max_width":0,"ocean_custom_logo_mobile_max_width":0,"ocean_custom_logo_max_height":0,"ocean_custom_logo_tablet_max_height":0,"ocean_custom_logo_mobile_max_height":0,"ocean_header_custom_menu":"0","ocean_menu_typo_font_family":"0","ocean_menu_typo_font_subset":"","ocean_menu_typo_font_size":0,"ocean_menu_typo_font_size_tablet":0,"ocean_menu_typo_font_size_mobile":0,"ocean_menu_typo_font_size_unit":"px","ocean_menu_typo_font_weight":"","ocean_menu_typo_font_weight_tablet":"","ocean_menu_typo_font_weight_mobile":"","ocean_menu_typo_transform":"","ocean_menu_typo_transform_tablet":"","ocean_menu_typo_transform_mobile":"","ocean_menu_typo_line_height":0,"ocean_menu_typo_line_height_tablet":0,"ocean_menu_typo_line_height_mobile":0,"ocean_menu_typo_line_height_unit":"","ocean_menu_typo_spacing":0,"ocean_menu_typo_spacing_tablet":0,"ocean_menu_typo_spacing_mobile":0,"ocean_menu_typo_spacing_unit":"","ocean_menu_link_color":"","ocean_menu_link_color_hover":"","ocean_menu_link_color_active":"","ocean_menu_link_background":"","ocean_menu_link_hover_background":"","ocean_menu_link_active_background":"","ocean_menu_social_links_bg":"","ocean_menu_social_hover_links_bg":"","ocean_menu_social_links_color":"","ocean_menu_social_hover_links_color":"","ocean_disable_title":"default","ocean_disable_heading":"default","ocean_post_title":"","ocean_post_subheading":"","ocean_post_title_style":"","ocean_post_title_background_color":"","ocean_post_title_background":0,"ocean_post_title_bg_image_position":"","ocean_post_title_bg_image_attachment":"","ocean_post_title_bg_image_repeat":"","ocean_post_title_bg_image_size":"","ocean_post_title_height":0,"ocean_post_title_bg_overlay":0.5,"ocean_post_title_bg_overlay_color":"","ocean_disable_breadcrumbs":"default","ocean_breadcrumbs_color":"","ocean_breadcrumbs_separator_color":"","ocean_breadcrumbs_links_color":"","ocean_breadcrumbs_links_hover_color":"","ocean_display_footer_widgets":"default","ocean_display_footer_bottom":"default","ocean_custom_footer_template":"0","ofc_meta_disable_footer_callout":"","ofc_meta_callout_button_url":"","ofc_meta_callout_button_txt":"","ofc_meta_callout_text":"","ofc_enable_fullscreen":"disable","ofc_fullscreen_speed":0,"ofc_fullscreen_nav":"enable","ofc_fullscreen_nav_pos":"right","ofc_fullscreen_nav_color":"","ofc_fullscreen_nav_tooltip_color":"","ofc_fullscreen_responsive":0,"osp_disable_panel":"default","osh_disable_topbar_sticky":"default","osh_disable_header_sticky":"default","osh_sticky_header_style":"default","osh_sticky_header_effect":"","osh_custom_sticky_logo":0,"osh_custom_retina_sticky_logo":0,"osh_custom_sticky_logo_height":0,"osh_background_color":"","osh_links_color":"","osh_links_hover_color":"","osh_links_active_color":"","osh_links_bg_color":"","osh_links_hover_bg_color":"","osh_links_active_bg_color":"","osh_menu_social_links_color":"","osh_menu_social_hover_links_color":"","_joinchat":[]},"product_cat":[40],"product_tag":[],"yoast_head":"<!-- This site is optimized with the Yoast SEO plugin v22.8 - https:\/\/yoast.com\/wordpress\/plugins\/seo\/ -->\n<title>Casaca Columbia para mujer Powder Lite\u2122 Insulada (Cypress Camo) - Todo Casacas<\/title>\n<meta name=\"robots\" content=\"index, follow, max-snippet:-1, max-image-preview:large, max-video-preview:-1\" \/>\n<link rel=\"canonical\" href=\"https:\/\/todocasacas.com\/?product=womens-powder-lite-insulated-hooded-jacket-cypress-trad-camo-print\" \/>\n<meta property=\"og:locale\" content=\"es_ES\" \/>\n<meta property=\"og:type\" content=\"article\" \/>\n<meta property=\"og:title\" content=\"Casaca Columbia para mujer Powder Lite\u2122 Insulada (Cypress Camo) - Todo Casacas\" \/>\n<meta property=\"og:description\" content=\"DETALLES APTA PARA EL INVIERNO DURO Confeccionada con una capa duradera resistente al agua, esta chaqueta liviana ofrece calidez en climas fr\u00edos. MANTEN TU TEMPERATURA CORPORAL CALIENTE El forro t\u00e9rmico reflectante captura el calor corporal que se mantiene c\u00f3moda gracias a los ribetes. BOLSILLOS EN ABUNDANCIA Tambi\u00e9n cuenta con m\u00faltiples bolsillos con cremallera para proteger [&hellip;]\" \/>\n<meta property=\"og:url\" content=\"https:\/\/todocasacas.com\/?product=womens-powder-lite-insulated-hooded-jacket-cypress-trad-camo-print\" \/>\n<meta property=\"og:site_name\" content=\"Todo Casacas\" \/>\n<meta property=\"article:publisher\" content=\"https:\/\/www.facebook.com\/share\/RA5dh6eQ1WzKKNuq\/?mibextid=qi2Omg\" \/>\n<meta property=\"article:modified_time\" content=\"2024-07-26T15:14:59+00:00\" \/>\n<meta property=\"og:image\" content=\"https:\/\/todocasacas.com\/wp-content\/uploads\/2024\/02\/0bb4e196-c0a1-443a-b20e-6e222d02e3c6.310611ccb0026b500fa6fadb71bd2251.jpeg\" \/>\n\t<meta property=\"og:image:width\" content=\"986\" \/>\n\t<meta property=\"og:image:height\" content=\"1500\" \/>\n\t<meta property=\"og:image:type\" content=\"image\/jpeg\" \/>\n<meta name=\"twitter:card\" content=\"summary_large_image\" \/>\n<meta name=\"twitter:label1\" content=\"Tiempo de lectura\" \/>\n\t<meta name=\"twitter:data1\" content=\"1 minuto\" \/>\n<script type=\"application\/ld+json\" class=\"yoast-schema-graph\">{\"@context\":\"https:\/\/schema.org\",\"@graph\":[{\"@type\":\"WebPage\",\"@id\":\"https:\/\/todocasacas.com\/?product=womens-powder-lite-insulated-hooded-jacket-cypress-trad-camo-print\",\"url\":\"https:\/\/todocasacas.com\/?product=womens-powder-lite-insulated-hooded-jacket-cypress-trad-camo-print\",\"name\":\"Casaca Columbia para mujer Powder Lite\u2122 Insulada (Cypress Camo) - Todo Casacas\",\"isPartOf\":{\"@id\":\"https:\/\/todocasacas.com\/#website\"},\"primaryImageOfPage\":{\"@id\":\"https:\/\/todocasacas.com\/?product=womens-powder-lite-insulated-hooded-jacket-cypress-trad-camo-print#primaryimage\"},\"image\":{\"@id\":\"https:\/\/todocasacas.com\/?product=womens-powder-lite-insulated-hooded-jacket-cypress-trad-camo-print#primaryimage\"},\"thumbnailUrl\":\"https:\/\/todocasacas.com\/wp-content\/uploads\/2024\/02\/0bb4e196-c0a1-443a-b20e-6e222d02e3c6.310611ccb0026b500fa6fadb71bd2251.jpeg\",\"datePublished\":\"2024-02-24T21:25:14+00:00\",\"dateModified\":\"2024-07-26T15:14:59+00:00\",\"breadcrumb\":{\"@id\":\"https:\/\/todocasacas.com\/?product=womens-powder-lite-insulated-hooded-jacket-cypress-trad-camo-print#breadcrumb\"},\"inLanguage\":\"es\",\"potentialAction\":[{\"@type\":\"ReadAction\",\"target\":[\"https:\/\/todocasacas.com\/?product=womens-powder-lite-insulated-hooded-jacket-cypress-trad-camo-print\"]}]},{\"@type\":\"ImageObject\",\"inLanguage\":\"es\",\"@id\":\"https:\/\/todocasacas.com\/?product=womens-powder-lite-insulated-hooded-jacket-cypress-trad-camo-print#primaryimage\",\"url\":\"https:\/\/todocasacas.com\/wp-content\/uploads\/2024\/02\/0bb4e196-c0a1-443a-b20e-6e222d02e3c6.310611ccb0026b500fa6fadb71bd2251.jpeg\",\"contentUrl\":\"https:\/\/todocasacas.com\/wp-content\/uploads\/2024\/02\/0bb4e196-c0a1-443a-b20e-6e222d02e3c6.310611ccb0026b500fa6fadb71bd2251.jpeg\",\"width\":986,\"height\":1500},{\"@type\":\"BreadcrumbList\",\"@id\":\"https:\/\/todocasacas.com\/?product=womens-powder-lite-insulated-hooded-jacket-cypress-trad-camo-print#breadcrumb\",\"itemListElement\":[{\"@type\":\"ListItem\",\"position\":1,\"name\":\"Portada\",\"item\":\"https:\/\/todocasacas.com\/\"},{\"@type\":\"ListItem\",\"position\":2,\"name\":\"Shop\",\"item\":\"https:\/\/todocasacas.com\/?page_id=333\"},{\"@type\":\"ListItem\",\"position\":3,\"name\":\"Casaca Columbia para mujer Powder Lite\u2122 Insulada (Cypress Camo)\"}]},{\"@type\":\"WebSite\",\"@id\":\"https:\/\/todocasacas.com\/#website\",\"url\":\"https:\/\/todocasacas.com\/\",\"name\":\"Todo Casacas\",\"description\":\"&quot;Descubre nuestra selecci\u00f3n de casacas originales en diferentes marcas. \u00a1Encuentra tu estilo y prep\u00e1rate para aventuras al aire libre!&quot;\",\"publisher\":{\"@id\":\"https:\/\/todocasacas.com\/#organization\"},\"potentialAction\":[{\"@type\":\"SearchAction\",\"target\":{\"@type\":\"EntryPoint\",\"urlTemplate\":\"https:\/\/todocasacas.com\/?s={search_term_string}\"},\"query-input\":\"required name=search_term_string\"}],\"inLanguage\":\"es\"},{\"@type\":\"Organization\",\"@id\":\"https:\/\/todocasacas.com\/#organization\",\"name\":\"Todo Casacas\",\"url\":\"https:\/\/todocasacas.com\/\",\"logo\":{\"@type\":\"ImageObject\",\"inLanguage\":\"es\",\"@id\":\"https:\/\/todocasacas.com\/#\/schema\/logo\/image\/\",\"url\":\"https:\/\/todocasacas.com\/wp-content\/uploads\/2024\/04\/cropped-logo1.gif\",\"contentUrl\":\"https:\/\/todocasacas.com\/wp-content\/uploads\/2024\/04\/cropped-logo1.gif\",\"width\":1061,\"height\":476,\"caption\":\"Todo Casacas\"},\"image\":{\"@id\":\"https:\/\/todocasacas.com\/#\/schema\/logo\/image\/\"},\"sameAs\":[\"https:\/\/www.facebook.com\/share\/RA5dh6eQ1WzKKNuq\/?mibextid=qi2Omg\"]}]}<\/script>\n<!-- \/ Yoast SEO plugin. -->","yoast_head_json":{"title":"Casaca Columbia para mujer Powder Lite\u2122 Insulada (Cypress Camo) - Todo Casacas","robots":{"index":"index","follow":"follow","max-snippet":"max-snippet:-1","max-image-preview":"max-image-preview:large","max-video-preview":"max-video-preview:-1"},"canonical":"https:\/\/todocasacas.com\/?product=womens-powder-lite-insulated-hooded-jacket-cypress-trad-camo-print","og_locale":"es_ES","og_type":"article","og_title":"Casaca Columbia para mujer Powder Lite\u2122 Insulada (Cypress Camo) - Todo Casacas","og_description":"DETALLES APTA PARA EL INVIERNO DURO Confeccionada con una capa duradera resistente al agua, esta chaqueta liviana ofrece calidez en climas fr\u00edos. MANTEN TU TEMPERATURA CORPORAL CALIENTE El forro t\u00e9rmico reflectante captura el calor corporal que se mantiene c\u00f3moda gracias a los ribetes. BOLSILLOS EN ABUNDANCIA Tambi\u00e9n cuenta con m\u00faltiples bolsillos con cremallera para proteger [&hellip;]","og_url":"https:\/\/todocasacas.com\/?product=womens-powder-lite-insulated-hooded-jacket-cypress-trad-camo-print","og_site_name":"Todo Casacas","article_publisher":"https:\/\/www.facebook.com\/share\/RA5dh6eQ1WzKKNuq\/?mibextid=qi2Omg","article_modified_time":"2024-07-26T15:14:59+00:00","og_image":[{"width":986,"height":1500,"url":"https:\/\/todocasacas.com\/wp-content\/uploads\/2024\/02\/0bb4e196-c0a1-443a-b20e-6e222d02e3c6.310611ccb0026b500fa6fadb71bd2251.jpeg","type":"image\/jpeg"}],"twitter_card":"summary_large_image","twitter_misc":{"Tiempo de lectura":"1 minuto"},"schema":{"@context":"https:\/\/schema.org","@graph":[{"@type":"WebPage","@id":"https:\/\/todocasacas.com\/?product=womens-powder-lite-insulated-hooded-jacket-cypress-trad-camo-print","url":"https:\/\/todocasacas.com\/?product=womens-powder-lite-insulated-hooded-jacket-cypress-trad-camo-print","name":"Casaca Columbia para mujer Powder Lite\u2122 Insulada (Cypress Camo) - Todo Casacas","isPartOf":{"@id":"https:\/\/todocasacas.com\/#website"},"primaryImageOfPage":{"@id":"https:\/\/todocasacas.com\/?product=womens-powder-lite-insulated-hooded-jacket-cypress-trad-camo-print#primaryimage"},"image":{"@id":"https:\/\/todocasacas.com\/?product=womens-powder-lite-insulated-hooded-jacket-cypress-trad-camo-print#primaryimage"},"thumbnailUrl":"https:\/\/todocasacas.com\/wp-content\/uploads\/2024\/02\/0bb4e196-c0a1-443a-b20e-6e222d02e3c6.310611ccb0026b500fa6fadb71bd2251.jpeg","datePublished":"2024-02-24T21:25:14+00:00","dateModified":"2024-07-26T15:14:59+00:00","breadcrumb":{"@id":"https:\/\/todocasacas.com\/?product=womens-powder-lite-insulated-hooded-jacket-cypress-trad-camo-print#breadcrumb"},"inLanguage":"es","potentialAction":[{"@type":"ReadAction","target":["https:\/\/todocasacas.com\/?product=womens-powder-lite-insulated-hooded-jacket-cypress-trad-camo-print"]}]},{"@type":"ImageObject","inLanguage":"es","@id":"https:\/\/todocasacas.com\/?product=womens-powder-lite-insulated-hooded-jacket-cypress-trad-camo-print#primaryimage","url":"https:\/\/todocasacas.com\/wp-content\/uploads\/2024\/02\/0bb4e196-c0a1-443a-b20e-6e222d02e3c6.310611ccb0026b500fa6fadb71bd2251.jpeg","contentUrl":"https:\/\/todocasacas.com\/wp-content\/uploads\/2024\/02\/0bb4e196-c0a1-443a-b20e-6e222d02e3c6.310611ccb0026b500fa6fadb71bd2251.jpeg","width":986,"height":1500},{"@type":"BreadcrumbList","@id":"https:\/\/todocasacas.com\/?product=womens-powder-lite-insulated-hooded-jacket-cypress-trad-camo-print#breadcrumb","itemListElement":[{"@type":"ListItem","position":1,"name":"Portada","item":"https:\/\/todocasacas.com\/"},{"@type":"ListItem","position":2,"name":"Shop","item":"https:\/\/todocasacas.com\/?page_id=333"},{"@type":"ListItem","position":3,"name":"Casaca Columbia para mujer Powder Lite\u2122 Insulada (Cypress Camo)"}]},{"@type":"WebSite","@id":"https:\/\/todocasacas.com\/#website","url":"https:\/\/todocasacas.com\/","name":"Todo Casacas","description":"&quot;Descubre nuestra selecci\u00f3n de casacas originales en diferentes marcas. \u00a1Encuentra tu estilo y prep\u00e1rate para aventuras al aire libre!&quot;","publisher":{"@id":"https:\/\/todocasacas.com\/#organization"},"potentialAction":[{"@type":"SearchAction","target":{"@type":"EntryPoint","urlTemplate":"https:\/\/todocasacas.com\/?s={search_term_string}"},"query-input":"required name=search_term_string"}],"inLanguage":"es"},{"@type":"Organization","@id":"https:\/\/todocasacas.com\/#organization","name":"Todo Casacas","url":"https:\/\/todocasacas.com\/","logo":{"@type":"ImageObject","inLanguage":"es","@id":"https:\/\/todocasacas.com\/#\/schema\/logo\/image\/","url":"https:\/\/todocasacas.com\/wp-content\/uploads\/2024\/04\/cropped-logo1.gif","contentUrl":"https:\/\/todocasacas.com\/wp-content\/uploads\/2024\/04\/cropped-logo1.gif","width":1061,"height":476,"caption":"Todo Casacas"},"image":{"@id":"https:\/\/todocasacas.com\/#\/schema\/logo\/image\/"},"sameAs":["https:\/\/www.facebook.com\/share\/RA5dh6eQ1WzKKNuq\/?mibextid=qi2Omg"]}]}},"jetpack_sharing_enabled":true,"_links":{"self":[{"href":"https:\/\/todocasacas.com\/index.php?rest_route=\/wp\/v2\/product\/820"}],"collection":[{"href":"https:\/\/todocasacas.com\/index.php?rest_route=\/wp\/v2\/product"}],"about":[{"href":"https:\/\/todocasacas.com\/index.php?rest_route=\/wp\/v2\/types\/product"}],"wp:featuredmedia":[{"embeddable":true,"href":"https:\/\/todocasacas.com\/index.php?rest_route=\/wp\/v2\/media\/823"}],"wp:attachment":[{"href":"https:\/\/todocasacas.com\/index.php?rest_route=%2Fwp%2Fv2%2Fmedia&parent=820"}],"wp:term":[{"taxonomy":"product_cat","embeddable":true,"href":"https:\/\/todocasacas.com\/index.php?rest_route=%2Fwp%2Fv2%2Fproduct_cat&post=820"},{"taxonomy":"product_tag","embeddable":true,"href":"https:\/\/todocasacas.com\/index.php?rest_route=%2Fwp%2Fv2%2Fproduct_tag&post=820"}],"curies":[{"name":"wp","href":"https:\/\/api.w.org\/{rel}","templated":true}]}}